{"id":7715,"date":"2016-06-20T07:48:11","date_gmt":"2016-06-20T04:48:11","guid":{"rendered":"https:\/\/dronurtopcu.com\/startseite\/"},"modified":"2024-10-09T15:22:15","modified_gmt":"2024-10-09T12:22:15","slug":"startseite","status":"publish","type":"page","link":"https:\/\/dronurtopcu.com\/de\/","title":{"rendered":"Startseite"},"content":{"rendered":"<p>[vc_row wrap_container=&#8220;yes&#8220; content_placement=&#8220;middle&#8220; el_class=&#8220;background-color-dark home-banner&#8220; css=&#8220;.vc_custom_1645943473360{padding-top: 41px !important;padding-bottom: 41px !important;}&#8220;][vc_column width=&#8220;2\/3&#8243; el_class=&#8220;mb-md-0 mb-4&#8243;][vc_custom_heading text=&#8220;Prof. Dr. Onur Top\u00e7u&#8220; font_container=&#8220;tag:h2|font_size:2.24em|text_align:left|color:%23ffffff&#8220; google_fonts=&#8220;font_family:Playball%3Aregular|font_style:400%20regular%3A400%3Anormal&#8220; letter_spacing=&#8220;-.5px&#8220; el_class=&#8220;alternative-font d-inline mb-0 line-height-sm&#8220;][vc_custom_heading text=&#8220;Facharzt f\u00fcr Gyn\u00e4kologie und Geburtshilfe&#8220; font_container=&#8220;tag:p|font_size:1.12em|text_align:left|color:%23ffffff&#8220; use_theme_fonts=&#8220;yes&#8220; font_weight=&#8220;300&#8243; letter_spacing=&#8220;-.5px&#8220; el_class=&#8220;mb-0 mt-md-0 mt-3&#8243; css=&#8220;.vc_custom_1677340343016{margin-top: 4px !important;}&#8220;][\/vc_column][vc_column width=&#8220;1\/3&#8243; css=&#8220;.vc_custom_1645943500233{margin-top: 1px !important;}&#8220; el_class=&#8220;text-md-right&#8220;][vc_btn title=&#8220;Kontakt&#8220; style=&#8220;3d&#8220; shape=&#8220;square&#8220; size=&#8220;lg&#8220; align=&#8220;center&#8220; i_icon_fontawesome=&#8220;fas fa-share&#8220; skin=&#8220;default&#8220; btn_ls=&#8220;-.5px&#8220; add_icon=&#8220;true&#8220; btn_px=&#8220;1.75em&#8220; btn_py=&#8220;1.15em&#8220; el_class=&#8220;mb-0 font-weight-semibold&#8220; link=&#8220;url:https%3A%2F%2Fdronurtopcu.com%2Fde%2Fkontakt%2F|title:Kontakt|&#8220;][\/vc_column][\/vc_row][vc_row wrap_container=&#8220;yes&#8220; content_placement=&#8220;middle&#8220; css=&#8220;.vc_custom_1659105654897{padding-top: 41px !important;padding-bottom: 41px !important;}&#8220; conditional_render=&#8220;%5B%7B%22value_role%22%3A%22administrator%22%7D%5D&#8220;][vc_column width=&#8220;2\/3&#8243; el_class=&#8220;mb-md-0 mb-4&#8243;]<div class=\"porto-u-heading  wpb_custom_95aa9a11c17ad45cfabaf210d84ee7cc\" data-hspacer=\"no_spacer\" data-halign=\"center\" style=\"text-align:center\"><div class=\"porto-u-main-heading\"><h2  >CV<\/h2><\/div><div class=\"porto-u-sub-heading\" style=\"\">Er wurde 1980 in Hatay geboren. Seine Grundschulausbildung absolvierte er an der D\u00f6rtyol-Atat\u00fcrk-Grundschule. Er besuchte die Sekundarschule Iskenderun Istiklal Makzume Anatolian High School und die High School Adana Science High School. Im Jahr 1998 gewann er das Universit\u00e4tsexamen an der Hacettepe-Fakult\u00e4t f\u00fcr Medizin und schloss 2004 sein Studium an der Hacettepe-Fakult\u00e4t f\u00fcr Medizin ab und erhielt den Titel eines Doktors der Medizin.<\/p>\n<p>Im September 2004 belegte er bei der medizinischen Facharztpr\u00fcfung den ersten Platz in der T\u00fcrkei und erhielt die Berechtigung, sich am Dr. Zekai Tahir Burak Women&#8217;s Health Training and Research Hospital in Ankara auf Gyn\u00e4kologie und Geburtshilfe zu spezialisieren. Im Januar 2010 erhielt er den Titel eines Facharztes f\u00fcr Geburtshilfe und Gyn\u00e4kologie.<\/p>\n<p>Nach seinem Pflichtdienst begann er als Oberassistent im Dr. Zekai Tahir Burak Women&#8217;s Health Training and Research Hospital in Ankara zu arbeiten, wo er 2013 seine Spezialisierung abschloss. <strong><br \/>\n<a href=\"https:\/\/dronurtopcu.com\/de\/ueber-mich\/\">Lesen Sie mehr<\/a><br \/>\n<a href=\"https:\/\/dronurtopcu.com\/de\/ueber-mich\/\">&#8230;<\/a><br \/>\n<\/strong><\/div><\/div>[\/vc_column][vc_column width=&#8220;1\/3&#8243; css=&#8220;.vc_custom_1645943500233{margin-top: 1px !important;}&#8220; el_class=&#8220;text-md-right&#8220;][vc_single_image image=&#8220;6436&#8243; img_size=&#8220;full&#8220;][\/vc_column][\/vc_row][vc_row][vc_column][vc_custom_heading text=&#8220;Spezialit\u00e4ten&#8220; font_container=&#8220;tag:h2|text_align:center&#8220;]<div id=\"porto-portfolio-2416\" class=\"porto-portfolios porto-portfoliospn69 wpb_content_element \">\n\t<div class=\"page-portfolios clearfix portfolios-grid porto-ajax-load load-more\" id=\"porto_portfolios_wax9\" data-post_type=\"portfolio\" data-post_layout=\"grid\" data-ajax_load_options=\"{&quot;portfolio_layout&quot;:&quot;grid&quot;,&quot;columns&quot;:&quot;4&quot;,&quot;info_view&quot;:&quot;left-info&quot;,&quot;info_view_type_style&quot;:&quot;no-style&quot;,&quot;post_in&quot;:&quot;8997,9022,6613,6523&quot;,&quot;load_more_posts&quot;:&quot;load-more-btn&quot;}\">\n\n\t\n\t\n\t\t\t<div class=\"portfolios-container portfolio-row portfolio-row-4 classic\" data-cur_page=\"1\" data-max_page=\"1\">\n\n\t\n\t\t<article class=\"portfolio portfolio-grid portfolio-col-4 post-9000 type-portfolio status-publish has-post-thumbnail hentry\">\r\n\t\t<h3 class=\"entry-title\" style=\"display: none;\">In vitro Fertilisationsbehandlung<\/h3><span class=\"vcard\" style=\"display: none;\"><span class=\"fn\"><a href=\"https:\/\/dronurtopcu.com\/de\/author\/admin\/\" title=\"Beitr\u00e4ge von admin\" rel=\"author\">admin<\/a><\/span><\/span><span class=\"updated\" style=\"display:none\">2024-02-04T15:30:55+03:00<\/span>\t\t<div class=\"portfolio-item default\">\r\n\t\t\t\r\n\t\t\t<a class=\"text-decoration-none portfolio-link\" href=\"https:\/\/dronurtopcu.com\/de\/uzmanliklar\/tup-bebek-tedavisi\/\">\r\n\t\t\t\t<span class=\"thumb-info thumb-info-lighten thumb-info-centered-icons\">\r\n\t\t\t\t\t<span class=\"thumb-info-wrapper\">\r\n\t\t\t\t\t\t\t\t\t\t\t\t\t\t\t<img decoding=\"async\" class=\"img-responsive\" src=\"https:\/\/dronurtopcu.com\/wp-content\/uploads\/2022\/08\/tup-bebek-tedavisi-1-367x342.jpg\" alt=\"\" width=\"367\" height=\"342\" \/>\r\n\t\t\t\t\t\t\t\t\t\r\n\t\t\t\t\t\t\r\n\t\t\t\t\t\t\r\n\t\t\t\t\t\t\t\t\t\t\t\t\t\t\t\t<span class=\"thumb-info-title\">\r\n\r\n\t\t\t\t\t\t\t\t\t\t<span class=\"thumb-info-inner\">In vitro Fertilisationsbehandlung<\/span>\r\n\r\n\t\t\t\t\t\t\t\t\t\t\r\n\t\t\t\t\t\t\t\t\t<\/span>\r\n\t\t\t\t\t\t\t\t\t\t\t\t\t\t\t\t\t\t\t\t\t\t\t\t\t\t\t<span class=\"thumb-info-action\">\r\n\t\t\t\t\t\t\t\t\t\t\t\t\t\t\t\t\t<span class=\"thumb-info-action-icon thumb-info-action-icon-primary\"><i class=\"fa fa-link\"><\/i><\/span>\r\n\t\t\t\t\t\t\t\t\t\t\t\t\t\t\t\t\t\t\t\t\t\t\t\t\t<span class=\"thumb-info-action-icon thumb-info-action-icon-light thumb-info-zoom\" data-src=\"[&quot;https:\\\/\\\/dronurtopcu.com\\\/wp-content\\\/uploads\\\/2022\\\/08\\\/tup-bebek-tedavisi-1.jpg&quot;]\" data-title=\"[&quot;&quot;]\"><i class=\"fas fa-search-plus\"><\/i><\/span>\r\n\t\t\t\t\t\t\t\t\t\t\t\t\t\t\t<\/span>\r\n\t\t\t\t\t\t\t\t\t\t\t\t\t\t\t\t\t<\/span>\r\n\t\t\t\t<\/span>\r\n\t\t\t<\/a>\r\n\t\t\t\t\t\t\t\t<\/div>\r\n\t<\/article>\r\n\t\t<article class=\"portfolio portfolio-grid portfolio-col-4 spezialitaten post-11090 type-portfolio status-publish has-post-thumbnail hentry portfolio_cat-spezialitaten\">\r\n\t\t<h3 class=\"entry-title\" style=\"display: none;\">Endometriosis and Chocolate Cysts<\/h3><span class=\"vcard\" style=\"display: none;\"><span class=\"fn\"><a href=\"https:\/\/dronurtopcu.com\/de\/author\/admin\/\" title=\"Beitr\u00e4ge von admin\" rel=\"author\">admin<\/a><\/span><\/span><span class=\"updated\" style=\"display:none\">2025-02-14T14:51:35+03:00<\/span>\t\t<div class=\"portfolio-item default\">\r\n\t\t\t\r\n\t\t\t<a class=\"text-decoration-none portfolio-link\" href=\"https:\/\/dronurtopcu.com\/de\/uzmanliklar\/endometriosis-and-chocolate-cysts\/\">\r\n\t\t\t\t<span class=\"thumb-info thumb-info-lighten thumb-info-centered-icons\">\r\n\t\t\t\t\t<span class=\"thumb-info-wrapper\">\r\n\t\t\t\t\t\t\t\t\t\t\t\t\t\t\t<img decoding=\"async\" class=\"img-responsive\" src=\"https:\/\/dronurtopcu.com\/wp-content\/uploads\/2023\/11\/Endometriozis-1-367x342.jpg\" alt=\"\" width=\"367\" height=\"342\" \/>\r\n\t\t\t\t\t\t\t\t\t\r\n\t\t\t\t\t\t\r\n\t\t\t\t\t\t\r\n\t\t\t\t\t\t\t\t\t\t\t\t\t\t\t\t<span class=\"thumb-info-title\">\r\n\r\n\t\t\t\t\t\t\t\t\t\t<span class=\"thumb-info-inner\">Endometriosis and Chocolate Cysts<\/span>\r\n\r\n\t\t\t\t\t\t\t\t\t\t\t\t\t\t\t\t\t\t\t\t\t<span class=\"thumb-info-type\">Spezialit\u00e4ten<\/span>\r\n\t\t\t\t\t\t\t\t\t\t\r\n\t\t\t\t\t\t\t\t\t<\/span>\r\n\t\t\t\t\t\t\t\t\t\t\t\t\t\t\t\t\t\t\t\t\t\t\t\t\t\t\t<span class=\"thumb-info-action\">\r\n\t\t\t\t\t\t\t\t\t\t\t\t\t\t\t\t\t<span class=\"thumb-info-action-icon thumb-info-action-icon-primary\"><i class=\"fa fa-link\"><\/i><\/span>\r\n\t\t\t\t\t\t\t\t\t\t\t\t\t\t\t\t\t\t\t\t\t\t\t\t\t<span class=\"thumb-info-action-icon thumb-info-action-icon-light thumb-info-zoom\" data-src=\"[&quot;https:\\\/\\\/dronurtopcu.com\\\/wp-content\\\/uploads\\\/2023\\\/11\\\/Endometriozis-1.jpg&quot;]\" data-title=\"[&quot;&quot;]\"><i class=\"fas fa-search-plus\"><\/i><\/span>\r\n\t\t\t\t\t\t\t\t\t\t\t\t\t\t\t<\/span>\r\n\t\t\t\t\t\t\t\t\t\t\t\t\t\t\t\t\t<\/span>\r\n\t\t\t\t<\/span>\r\n\t\t\t<\/a>\r\n\t\t\t\t\t\t\t\t<\/div>\r\n\t<\/article>\r\n\t\t<article class=\"portfolio portfolio-grid portfolio-col-4 spezialitaten post-7833 type-portfolio status-publish has-post-thumbnail hentry portfolio_cat-spezialitaten\">\r\n\t\t<h3 class=\"entry-title\" style=\"display: none;\">Geschlossene (laparoskopische) Myomchirurgie<\/h3><span class=\"vcard\" style=\"display: none;\"><span class=\"fn\"><a href=\"https:\/\/dronurtopcu.com\/de\/author\/admin\/\" title=\"Beitr\u00e4ge von admin\" rel=\"author\">admin<\/a><\/span><\/span><span class=\"updated\" style=\"display:none\">2025-02-14T16:25:54+03:00<\/span>\t\t<div class=\"portfolio-item default\">\r\n\t\t\t\r\n\t\t\t<a class=\"text-decoration-none portfolio-link\" href=\"https:\/\/dronurtopcu.com\/de\/uzmanliklar\/geschlossene-laparoskopische-myomchirurgie\/\">\r\n\t\t\t\t<span class=\"thumb-info thumb-info-lighten thumb-info-centered-icons\">\r\n\t\t\t\t\t<span class=\"thumb-info-wrapper\">\r\n\t\t\t\t\t\t\t\t\t\t\t\t\t\t\t<img decoding=\"async\" class=\"img-responsive\" src=\"https:\/\/dronurtopcu.com\/wp-content\/uploads\/2022\/08\/histerkobi-367x342.jpg\" alt=\"\" width=\"367\" height=\"342\" \/>\r\n\t\t\t\t\t\t\t\t\t\r\n\t\t\t\t\t\t\r\n\t\t\t\t\t\t\r\n\t\t\t\t\t\t\t\t\t\t\t\t\t\t\t\t<span class=\"thumb-info-title\">\r\n\r\n\t\t\t\t\t\t\t\t\t\t<span class=\"thumb-info-inner\">Geschlossene (laparoskopische) Myomchirurgie<\/span>\r\n\r\n\t\t\t\t\t\t\t\t\t\t\t\t\t\t\t\t\t\t\t\t\t<span class=\"thumb-info-type\">Spezialit\u00e4ten<\/span>\r\n\t\t\t\t\t\t\t\t\t\t\r\n\t\t\t\t\t\t\t\t\t<\/span>\r\n\t\t\t\t\t\t\t\t\t\t\t\t\t\t\t\t\t\t\t\t\t\t\t\t\t\t\t<span class=\"thumb-info-action\">\r\n\t\t\t\t\t\t\t\t\t\t\t\t\t\t\t\t\t<span class=\"thumb-info-action-icon thumb-info-action-icon-primary\"><i class=\"fa fa-link\"><\/i><\/span>\r\n\t\t\t\t\t\t\t\t\t\t\t\t\t\t\t\t\t\t\t\t\t\t\t\t\t<span class=\"thumb-info-action-icon thumb-info-action-icon-light thumb-info-zoom\" data-src=\"[&quot;https:\\\/\\\/dronurtopcu.com\\\/wp-content\\\/uploads\\\/2022\\\/08\\\/histerkobi.jpg&quot;]\" data-title=\"[&quot;&quot;]\"><i class=\"fas fa-search-plus\"><\/i><\/span>\r\n\t\t\t\t\t\t\t\t\t\t\t\t\t\t\t<\/span>\r\n\t\t\t\t\t\t\t\t\t\t\t\t\t\t\t\t\t<\/span>\r\n\t\t\t\t<\/span>\r\n\t\t\t<\/a>\r\n\t\t\t\t\t\t\t\t<\/div>\r\n\t<\/article>\r\n\t\t<article class=\"portfolio portfolio-grid portfolio-col-4 spezialitaten post-7796 type-portfolio status-publish has-post-thumbnail hentry portfolio_cat-spezialitaten\">\r\n\t\t<h3 class=\"entry-title\" style=\"display: none;\">Was ist Neuropelveologie (Neuropalviologie)?<\/h3><span class=\"vcard\" style=\"display: none;\"><span class=\"fn\"><a href=\"https:\/\/dronurtopcu.com\/de\/author\/admin\/\" title=\"Beitr\u00e4ge von admin\" rel=\"author\">admin<\/a><\/span><\/span><span class=\"updated\" style=\"display:none\">2025-02-08T13:53:27+03:00<\/span>\t\t<div class=\"portfolio-item default\">\r\n\t\t\t\r\n\t\t\t<a class=\"text-decoration-none portfolio-link\" href=\"https:\/\/dronurtopcu.com\/de\/uzmanliklar\/was-ist-neuropelveologie-neuropalviologie\/\">\r\n\t\t\t\t<span class=\"thumb-info thumb-info-lighten thumb-info-centered-icons\">\r\n\t\t\t\t\t<span class=\"thumb-info-wrapper\">\r\n\t\t\t\t\t\t\t\t\t\t\t\t\t\t\t<img decoding=\"async\" class=\"img-responsive\" src=\"https:\/\/dronurtopcu.com\/wp-content\/uploads\/2022\/08\/noropelveoloji-367x342.jpg\" alt=\"\" width=\"367\" height=\"342\" \/>\r\n\t\t\t\t\t\t\t\t\t\r\n\t\t\t\t\t\t\r\n\t\t\t\t\t\t\r\n\t\t\t\t\t\t\t\t\t\t\t\t\t\t\t\t<span class=\"thumb-info-title\">\r\n\r\n\t\t\t\t\t\t\t\t\t\t<span class=\"thumb-info-inner\">Was ist Neuropelveologie (Neuropalviologie)?<\/span>\r\n\r\n\t\t\t\t\t\t\t\t\t\t\t\t\t\t\t\t\t\t\t\t\t<span class=\"thumb-info-type\">Spezialit\u00e4ten<\/span>\r\n\t\t\t\t\t\t\t\t\t\t\r\n\t\t\t\t\t\t\t\t\t<\/span>\r\n\t\t\t\t\t\t\t\t\t\t\t\t\t\t\t\t\t\t\t\t\t\t\t\t\t\t\t<span class=\"thumb-info-action\">\r\n\t\t\t\t\t\t\t\t\t\t\t\t\t\t\t\t\t<span class=\"thumb-info-action-icon thumb-info-action-icon-primary\"><i class=\"fa fa-link\"><\/i><\/span>\r\n\t\t\t\t\t\t\t\t\t\t\t\t\t\t\t\t\t\t\t\t\t\t\t\t\t<span class=\"thumb-info-action-icon thumb-info-action-icon-light thumb-info-zoom\" data-src=\"[&quot;https:\\\/\\\/dronurtopcu.com\\\/wp-content\\\/uploads\\\/2022\\\/08\\\/noropelveoloji.jpg&quot;]\" data-title=\"[&quot;&quot;]\"><i class=\"fas fa-search-plus\"><\/i><\/span>\r\n\t\t\t\t\t\t\t\t\t\t\t\t\t\t\t<\/span>\r\n\t\t\t\t\t\t\t\t\t\t\t\t\t\t\t\t\t<\/span>\r\n\t\t\t\t<\/span>\r\n\t\t\t<\/a>\r\n\t\t\t\t\t\t\t\t<\/div>\r\n\t<\/article>\r\n\t\n\t\n\t\n\t\t<\/div>\n\n\t\n\t\t\t<input type=\"hidden\" class=\"shortcode-id\" value=\"pn69\"\/>\n\t\t\t\n\t<\/div>\n\n\t\n\t\n\t<\/div>[\/vc_column][\/vc_row][vc_row wrap_container=&#8220;yes&#8220; animation_delay=&#8220;&#8220; bg_override=&#8220;full&#8220; css=&#8220;.vc_custom_1659104196837{padding-top: 70px !important;padding-bottom: 50px !important;background-color: #0275ab !important;background-position: center !important;background-repeat: no-repeat !important;background-size: cover !important;}&#8220; conditional_render=&#8220;%5B%7B%22value_role%22%3A%22administrator%22%7D%5D&#8220;][vc_column offset=&#8220;vc_col-md-offset-1 vc_col-md-10&#8243;]<div class=\"porto-carousel owl-carousel has-ccols has-ccols-spacing ccols-1 dots-light wpb_custom_324659f3639fc50e0d07e21da55ccd7b\" data-appear-animation=\"fadeInUp\" data-appear-animation-delay=\"200\" data-plugin-options=\"{&quot;stagePadding&quot;:0,&quot;margin&quot;:20,&quot;autoplay&quot;:&quot;yes&quot;,&quot;mouseDrag&quot;:true,&quot;touchDrag&quot;:true,&quot;autoplayTimeout&quot;:3000,&quot;autoplayHoverPause&quot;:false,&quot;items&quot;:1,&quot;lg&quot;:1,&quot;md&quot;:1,&quot;sm&quot;:1,&quot;xs&quot;:1,&quot;nav&quot;:false,&quot;dots&quot;:&quot;yes&quot;,&quot;animateIn&quot;:&quot;&quot;,&quot;animateOut&quot;:&quot;&quot;,&quot;loop&quot;:&quot;yes&quot;,&quot;center&quot;:false,&quot;video&quot;:false,&quot;lazyLoad&quot;:false,&quot;fullscreen&quot;:false}\"><div class=\"porto-testimonial wpb_content_element \"><div class=\"testimonial testimonial-style-2 testimonial-with-quotes\"><blockquote class=\"testimonial-carousel\" style=\"color:#ffffff\"><p>Ich habe Herrn Hasan im Hasvak-Krankenhaus kennengelernt. Er ist ein junger Arzt, der wirklich idealistisch, umsichtig und sachkundig ist. Obwohl ich mich nicht vollst\u00e4ndig ausdr\u00fccken konnte, hat er mein Problem gel\u00f6st und mir Klarheit verschafft. Er hat mich informiert, indem er die notwendigen Tests durchf\u00fchrte und meine Bedenken bez\u00fcglich der Verwendung von Medikamenten ausr\u00e4umte. Obwohl ich anfangs voreingenommen war, sah ich mit der Zeit den Nutzen der Medikamente und meine Beschwerden lie\u00dfen nach.<\/p><\/blockquote><div class=\"testimonial-author\"><p><strong style=\"color:#ffffff\">E.Z.<\/strong><span style=\"color:#ffffff\"><\/span><\/p><\/div><\/div><\/div><div class=\"porto-testimonial wpb_content_element \"><div class=\"testimonial testimonial-style-2 testimonial-with-quotes\"><blockquote class=\"testimonial-carousel\" style=\"color:#ffffff\"><p>Er ist ganz Ohr. Kompetent, selbstbewusst, vor allem wegen meines Problems der Harninkontinenz. Die meisten \u00c4rzte meinten, sie k\u00f6nnten mich operieren, aber ich sollte in einem gr\u00f6\u00dferen Krankenhaus operiert werden. Aber dank der Erfahrung von Herrn Onur konnte ich diese Beschwerde vollst\u00e4ndig loswerden. Ich danke ihm sehr. Vor allem sein l\u00e4chelndes Gesicht gibt dir Zuversicht.<\/p><\/blockquote><div class=\"testimonial-author\"><p><strong style=\"color:#ffffff\">S.\u0130.<\/strong><span style=\"color:#ffffff\"><\/span><\/p><\/div><\/div><\/div><div class=\"porto-testimonial wpb_content_element \"><div class=\"testimonial testimonial-style-2 testimonial-with-quotes\"><blockquote class=\"testimonial-carousel\" style=\"color:#ffffff\"><p>Sehr geehrter Herr, ich kann meinen Sohn anfassen und riechen. Dank Ihrer beruflichen Erfahrung, den m\u00f6glichen Risiken, den Vorsichtsma\u00dfnahmen, dem \u00dcberzeugungsprozess und Ihrer \u00dcberweisung an andere zust\u00e4ndige \u00c4rzte in Ihrem Krankenhaus kann ich ihn anfassen. Wir sind sehr froh, dass wir den riskanten Prozess unter der Aufsicht von Ihnen und anderen \u00c4rzten bew\u00e4ltigt haben. Wir sind sehr froh, Sie kennen gelernt zu haben. Dankesch\u00f6n<\/p><\/blockquote><div class=\"testimonial-author\"><p><strong style=\"color:#ffffff\">\u00d6.K.<\/strong><span style=\"color:#ffffff\"><\/span><\/p><\/div><\/div><\/div><\/div>[\/vc_column][\/vc_row][vc_row][vc_column][vc_column_text]<\/p>\n<p style=\"text-align: center;\">\n            <div \n                class=\"elfsight-widget-instagram-feed elfsight-widget\" \n                data-elfsight-instagram-feed-options=\"%7B%22sourceType%22%3A%22personalAccount%22%2C%22apiChangesMessage%22%3Anull%2C%22source%22%3A%5B%5D%2C%22personalAccessToken%22%3A%228964ad84-768c-4c17-a260-2dad8b203e61%22%2C%22businessAccessToken%22%3A%22%22%2C%22businessAccount%22%3Anull%2C%22businessHashtag%22%3A%22%23eiffeltower%22%2C%22filterOnly%22%3A%5B%5D%2C%22filterExcept%22%3A%5B%5D%2C%22limit%22%3A0%2C%22order%22%3A%22date%22%2C%22layout%22%3A%22slider%22%2C%22postTemplate%22%3A%22classic%22%2C%22columns%22%3A3%2C%22rows%22%3A2%2C%22gutter%22%3A0%2C%22responsive%22%3A%5B%7B%22minWidth%22%3A375%2C%22columns%22%3A1%2C%22rows%22%3A1%2C%22gutter%22%3A%220%22%7D%2C%7B%22minWidth%22%3A768%2C%22columns%22%3A3%2C%22rows%22%3A2%2C%22gutter%22%3A%220%22%7D%5D%2C%22width%22%3A%22auto%22%2C%22callToActionButtons%22%3A%5B%7B%22postUrl%22%3A%22https%3A%5C%2F%5C%2Fwww.instagram.com%5C%2Fp%5C%2FBmr7eH0nyxQ%5C%2F%22%2C%22buttonLabel%22%3A%22Install%20Instagram%20Feed%20now%22%2C%22buttonLink%22%3A%22https%3A%5C%2F%5C%2Felfsight.com%5C%2Finstagram-feed-instashow%5C%2F%22%7D%2C%7B%22postUrl%22%3A%22https%3A%5C%2F%5C%2Fwww.instagram.com%5C%2Fp%5C%2FBmgZy5FnnQB%5C%2F%22%2C%22buttonLabel%22%3A%22Install%20Instagram%20Feed%20now%22%2C%22buttonLink%22%3A%22https%3A%5C%2F%5C%2Felfsight.com%5C%2Finstagram-feed-instashow%5C%2F%22%7D%2C%7B%22postUrl%22%3A%22https%3A%5C%2F%5C%2Fwww.instagram.com%5C%2Fp%5C%2FBmbbCfBndRU%5C%2F%22%2C%22buttonLabel%22%3A%22Install%20Instagram%20Feed%20now%22%2C%22buttonLink%22%3A%22https%3A%5C%2F%5C%2Felfsight.com%5C%2Finstagram-feed-instashow%5C%2F%22%7D%5D%2C%22postElements%22%3A%5B%22user%22%2C%22date%22%2C%22instagramLink%22%2C%22likesCount%22%2C%22commentsCount%22%2C%22share%22%2C%22text%22%5D%2C%22popupElements%22%3A%5B%22user%22%2C%22location%22%2C%22followButton%22%2C%22instagramLink%22%2C%22likesCount%22%2C%22share%22%2C%22text%22%2C%22comments%22%2C%22date%22%5D%2C%22imageClickAction%22%3A%22popup%22%2C%22sliderArrows%22%3Atrue%2C%22sliderDrag%22%3Atrue%2C%22sliderSpeed%22%3A0.59999999999999998%2C%22sliderAutoplay%22%3A%22%22%2C%22colorScheme%22%3A%22default%22%2C%22colorPostOverlayBg%22%3A%22rgba%280%2C%200%2C%200%2C%200.8%29%22%2C%22colorPostOverlayText%22%3A%22rgb%28255%2C%20255%2C%20255%29%22%2C%22colorPostBg%22%3A%22rgb%28255%2C%20255%2C%20255%29%22%2C%22colorPostText%22%3A%22rgb%280%2C%200%2C%200%29%22%2C%22colorPostLinks%22%3A%22rgb%280%2C%2053%2C%20107%29%22%2C%22colorSliderArrows%22%3A%22rgb%28255%2C%20255%2C%20255%29%22%2C%22colorSliderArrowsBg%22%3A%22rgba%280%2C%200%2C%200%2C%200.9%29%22%2C%22colorGridLoadMoreButton%22%3A%22rgb%2856%2C%20151%2C%20240%29%22%2C%22colorPopupOverlay%22%3A%22rgba%2843%2C%2043%2C%2043%2C%200.9%29%22%2C%22colorPopupBg%22%3A%22rgb%28255%2C%20255%2C%20255%29%22%2C%22colorPopupText%22%3A%22rgb%280%2C%200%2C%200%29%22%2C%22colorPopupLinks%22%3A%22rgb%280%2C%2053%2C%20105%29%22%2C%22colorPopupFollowButton%22%3A%22rgb%2856%2C%20151%2C%20240%29%22%2C%22colorPopupCtaButton%22%3A%22rgb%2856%2C%20151%2C%20240%29%22%2C%22widgetTitle%22%3A%22%22%2C%22lang%22%3A%22tr%22%2C%22apiUrl%22%3A%22https%3A%5C%2F%5C%2Fdronurtopcu.com%5C%2Fde%5C%2Fwp-json%5C%2Felfsight-instagram-feed%5C%2Fapi%22%2C%22apiProxyUrl%22%3A%22https%3A%5C%2F%5C%2Fdronurtopcu.com%5C%2Fde%5C%2Fwp-json%5C%2Felfsight-instagram-feed%22%2C%22widgetId%22%3A%221%22%7D\" \n                data-elfsight-instagram-feed-version=\"4.0.2\"\n                data-elfsight-widget-id=\"elfsight-instagram-feed-1\">\n            <\/div>\n<p>[\/vc_column_text][\/vc_column][\/vc_row]<\/p>\n","protected":false},"excerpt":{"rendered":"<p>[vc_row wrap_container=&#8220;yes&#8220; content_placement=&#8220;middle&#8220; el_class=&#8220;background-color-dark home-banner&#8220; css=&#8220;.vc_custom_1645943473360{padding-top: 41px !important;padding-bottom: 41px !important;}&#8220;][vc_column width=&#8220;2\/3&#8243; el_class=&#8220;mb-md-0 mb-4&#8243;][vc_custom_heading text=&#8220;Prof. Dr. Onur Top\u00e7u&#8220; font_container=&#8220;tag:h2|font_size:2.24em|text_align:left|color:%23ffffff&#8220; google_fonts=&#8220;font_family:Playball%3Aregular|font_style:400%20regular%3A400%3Anormal&#8220; letter_spacing=&#8220;-.5px&#8220; el_class=&#8220;alternative-font d-inline mb-0 line-height-sm&#8220;][vc_custom_heading text=&#8220;Facharzt f\u00fcr Gyn\u00e4kologie und Geburtshilfe&#8220; font_container=&#8220;tag:p|font_size:1.12em|text_align:left|color:%23ffffff&#8220; use_theme_fonts=&#8220;yes&#8220; font_weight=&#8220;300&#8243; letter_spacing=&#8220;-.5px&#8220; el_class=&#8220;mb-0 mt-md-0 mt-3&#8243; css=&#8220;.vc_custom_1677340343016{margin-top: 4px !important;}&#8220;][\/vc_column][vc_column width=&#8220;1\/3&#8243; css=&#8220;.vc_custom_1645943500233{margin-top: 1px !important;}&#8220; el_class=&#8220;text-md-right&#8220;][vc_btn title=&#8220;Kontakt&#8220; style=&#8220;3d&#8220; shape=&#8220;square&#8220; size=&#8220;lg&#8220; align=&#8220;center&#8220; i_icon_fontawesome=&#8220;fas fa-share&#8220; skin=&#8220;default&#8220; btn_ls=&#8220;-.5px&#8220; add_icon=&#8220;true&#8220; btn_px=&#8220;1.75em&#8220; [&hellip;]<\/p>\n","protected":false},"author":1,"featured_media":0,"parent":0,"menu_order":0,"comment_status":"closed","ping_status":"closed","template":"","meta":{"_acf_changed":false,"footnotes":""},"class_list":["post-7715","page","type-page","status-publish","hentry"],"acf":[],"_links":{"self":[{"href":"https:\/\/dronurtopcu.com\/de\/wp-json\/wp\/v2\/pages\/7715","targetHints":{"allow":["GET"]}}],"collection":[{"href":"https:\/\/dronurtopcu.com\/de\/wp-json\/wp\/v2\/pages"}],"about":[{"href":"https:\/\/dronurtopcu.com\/de\/wp-json\/wp\/v2\/types\/page"}],"author":[{"embeddable":true,"href":"https:\/\/dronurtopcu.com\/de\/wp-json\/wp\/v2\/users\/1"}],"replies":[{"embeddable":true,"href":"https:\/\/dronurtopcu.com\/de\/wp-json\/wp\/v2\/comments?post=7715"}],"version-history":[{"count":0,"href":"https:\/\/dronurtopcu.com\/de\/wp-json\/wp\/v2\/pages\/7715\/revisions"}],"wp:attachment":[{"href":"https:\/\/dronurtopcu.com\/de\/wp-json\/wp\/v2\/media?parent=7715"}],"curies":[{"name":"wp","href":"https:\/\/api.w.org\/{rel}","templated":true}]}}