{"id":7739,"date":"2022-08-01T15:35:30","date_gmt":"2022-08-01T12:35:30","guid":{"rendered":"https:\/\/dronurtopcu.com\/rechtlicher-hinweis-und-cookie-richtlinie\/"},"modified":"2023-12-05T16:11:13","modified_gmt":"2023-12-05T13:11:13","slug":"rechtlicher-hinweis-und-cookie-richtlinie","status":"publish","type":"page","link":"https:\/\/dronurtopcu.com\/de\/rechtlicher-hinweis-und-cookie-richtlinie\/","title":{"rendered":"Rechtlicher Hinweis und Cookie-Richtlinie"},"content":{"rendered":"<p>[vc_row is_section=&#8220;yes&#8220; section_skin=&#8220;parallax&#8220; remove_margin_top=&#8220;yes&#8220; remove_margin_bottom=&#8220;yes&#8220; remove_border=&#8220;yes&#8220;][vc_column][vc_column_text css_animation=&#8220;fadeInUp&#8220;]Rechtliche Warnung<br \/>\nDiese Website wurde zur Information der Menschen erstellt und bietet keine Gesundheitsdienste an. Die Informationen auf der Website d\u00fcrfen in keiner Weise zur Diagnose oder Behandlung von Krankheiten verwendet werden. Die Text- und\/oder Bildinhalte auf der Website sind nicht f\u00fcr Werbezwecke bestimmt, sondern dienen der Vorabinformation. Diese Bild- und\/oder Textinhalte stellen keine Grundlage f\u00fcr eine medizinische oder h\u00e4usliche Anwendung dar. Es wird davon ausgegangen, dass Personen, die diese Website besuchen, die im rechtlichen Warntext enthaltenen Inhalte gelesen und akzeptiert haben.<\/p>\n<p>Die gesamte Haftung, die sich aus der Nutzung der Website-Inhalte zu Diagnose- und Behandlungszwecken ergibt, liegt beim Besucher und Benutzer. Es wird davon ausgegangen, dass Personen, die diese Website besuchen, diese Warnungen akzeptiert haben.<\/p>\n<p>Medizinische Informationen sowie eingesetzte diagnostische und therapeutische Ger\u00e4te unterliegen einem rasanten Wandel. Eine Information, Methode oder Ausr\u00fcstung kann in k\u00fcrzester Zeit aufgegeben werden. Dar\u00fcber hinaus kann es in der Medizin unterschiedliche Techniken, Informationen und unterschiedliche Anwendungen geben, die darauf abzielen, die gleichen Ergebnisse zu erzielen. Die pers\u00f6nlichen Erfahrungen und F\u00e4higkeiten des Arztes sind ausschlaggebend f\u00fcr Diagnose und Behandlung. Es ist m\u00f6glich, unterschiedliche Meinungen zum gleichen Thema zu haben. Da die Informationen auf der Website nicht t\u00e4glich aktualisiert werden k\u00f6nnen, muss jede Information vom Besucher in Absprache mit seinem Arzt \u00fcberpr\u00fcft werden.<\/p>\n<p>&nbsp;<\/p>\n<p>Cookie-Richtlinie<br \/>\nAssoc. DR. Als HASAN ONUR TOP\u00c7U-Praxis verarbeiten wir die personenbezogenen Daten der Besucher unserer Website http: www.dronurtopcu.com (\u201eWebsite\u201c), deren Eigent\u00fcmer wir sind, und verwenden Internet-Cookies, um unseren Besuchern ein besseres Nutzungserlebnis zu bieten die Wahrung ihrer Privatsph\u00e4re und ihrer Rechte zum Schutz personenbezogener Daten w\u00e4hrend ihrer T\u00e4tigkeit. Diese Cookie-Nutzungsrichtlinie (\u201eRichtlinie\u201c) erkl\u00e4rt allen Besuchern unserer Website, Benutzern, Patienten und deren Angeh\u00f6rigen sowie Mitarbeitern, welche Arten von Cookies unter welchen Bedingungen verwendet werden. Ausf\u00fchrliche Informationen zum Schutz Ihrer personenbezogenen Daten finden Sie im Informationstext auf unserer Website.<\/p>\n<p>Diese Richtlinie gilt unabh\u00e4ngig von den Technologien, Methoden und der Art und Weise, wie Sie sich mit der Website verbinden. Daher empfehlen wir Ihnen, diese Richtlinie sorgf\u00e4ltig zu lesen und sich eine Kopie zur sp\u00e4teren Durchsicht zu besorgen.<\/p>\n<p>Was ist ein Cookie und f\u00fcr welche Zwecke wird es verwendet?<br \/>\nCookies sind kleine Datenspeicherdateien, die auf Ihrem Computer, Mobiltelefon, Tablet oder anderen mobilen Ger\u00e4t gespeichert werden und auf die Sie \u00fcber Websites zugreifen. In dieser Datei werden Informationen \u00fcber Ihre Website-Navigation gespeichert. Auf diese Weise speichern die Ger\u00e4te, auf die Sie zugreifen, diese Daten, wenn Sie die Website erneut nutzen. Daher sind Cookies notwendig und wichtig, damit Sie die Website effektiver und einfacher nutzen k\u00f6nnen. Auf der Website und auf Websites Dritter werden auch Cookies verwendet, damit wir Ihnen passendere Dienstleistungen, Produkte oder Angebote anbieten k\u00f6nnen.<\/p>\n<p>Die Hauptzwecke der Verwendung von Cookies sind:<\/p>\n<p>\u2013 Um die Website effektiver nutzen zu k\u00f6nnen, sind einige technische Daten erforderlich.<\/p>\n<p>\u2013 Das Unternehmen sammelt Informationen \u00fcber Ihre Vorlieben und Gewohnheiten beim Surfen und Nutzen der Website.<\/p>\n<p>\u2013 Ihre IP-Adresse wird vom Unternehmen zur Erf\u00fcllung seiner gesetzlichen und vertraglichen Verpflichtungen verwendet, insbesondere derjenigen, die sich aus dem Gesetz Nr. 5651 zur Regulierung von Ver\u00f6ffentlichungen im Internet und zur Bek\u00e4mpfung von durch diese Ver\u00f6ffentlichungen begangenen Straftaten und der Verordnung \u00fcber die Verfahren ergeben und Grunds\u00e4tze zur Regulierung von Ver\u00f6ffentlichungen im Internet. Es erfordert Ihre pers\u00f6nlichen Daten wie z.<\/p>\n<p>Welche Arten von Daten verarbeiten wir mit Cookies?<br \/>\nAbh\u00e4ngig von ihrer Art sammeln Cookies im Allgemeinen Daten \u00fcber Ihre Browser- und Nutzungspr\u00e4ferenzen auf dem Ger\u00e4t, von dem aus Sie auf die Website zugreifen. Zu diesen Daten geh\u00f6ren die von Ihnen aufgerufenen Seiten, die von Ihnen bewerteten Dienstleistungen und Produkte sowie alle Informationen \u00fcber Ihre Navigation auf der Website.<\/p>\n<p>III. Welche Arten von Cookies verwenden wir und auf welche Weise?<\/p>\n<p>Wir verwenden auf der Website verschiedene Arten von Cookies. Hierbei handelt es sich um Cookies, die zur Sicherstellung des Betriebs der Website erforderlich sind, Funktionscookies, Analyse-\/Performance-Cookies und Targeting-\/Werbecookies.<\/p>\n<p>Cookie-Typen in den Nutzungsbedingungen:<\/p>\n<p>Obligatorische Cookies: Diese Cookies sind unbedingt erforderlich, damit die Website ordnungsgem\u00e4\u00df funktioniert. Diese Cookies werden ben\u00f6tigt, um das System zu verwalten und betr\u00fcgerische Transaktionen zu verhindern. Wenn sie blockiert werden, kann die Website nicht funktionieren.<\/p>\n<p>Funktionale Cookies: Diese Cookies werden verwendet, um Ihnen ein besseres und einfacheres Nutzungserlebnis zu bieten. Es dient beispielsweise dazu, Ihre vorherigen Pr\u00e4ferenzen zu speichern und Ihnen den einfachen Zugriff auf bestimmte Inhalte der Website zu erm\u00f6glichen. Sie k\u00f6nnen die Verwendung dieser Cookies wie unten beschrieben verhindern.<\/p>\n<p>Analyse-\/Leistungs-Cookies: Diese Cookies erm\u00f6glichen es uns, Ihren Betrieb der Website zu analysieren und zu verstehen und die Website durch die Interaktion mit Ihnen zu verbessern. Die Verwendung dieser Cookies wird im Folgenden ausf\u00fchrlich erl\u00e4utert.[\/vc_column_text][\/vc_column][\/vc_row]<\/p>\n","protected":false},"excerpt":{"rendered":"<p>[vc_row is_section=&#8220;yes&#8220; section_skin=&#8220;parallax&#8220; remove_margin_top=&#8220;yes&#8220; remove_margin_bottom=&#8220;yes&#8220; remove_border=&#8220;yes&#8220;][vc_column][vc_column_text css_animation=&#8220;fadeInUp&#8220;]Rechtliche Warnung Diese Website wurde zur Information der Menschen erstellt und bietet keine Gesundheitsdienste an. Die Informationen auf der Website d\u00fcrfen in keiner Weise zur Diagnose oder Behandlung von Krankheiten verwendet werden. Die Text- und\/oder Bildinhalte auf der Website sind nicht f\u00fcr Werbezwecke bestimmt, sondern dienen der Vorabinformation. Diese [&hellip;]<\/p>\n","protected":false},"author":1,"featured_media":0,"parent":0,"menu_order":0,"comment_status":"closed","ping_status":"closed","template":"","meta":{"_acf_changed":false,"footnotes":""},"class_list":["post-7739","page","type-page","status-publish","hentry"],"acf":[],"_links":{"self":[{"href":"https:\/\/dronurtopcu.com\/de\/wp-json\/wp\/v2\/pages\/7739","targetHints":{"allow":["GET"]}}],"collection":[{"href":"https:\/\/dronurtopcu.com\/de\/wp-json\/wp\/v2\/pages"}],"about":[{"href":"https:\/\/dronurtopcu.com\/de\/wp-json\/wp\/v2\/types\/page"}],"author":[{"embeddable":true,"href":"https:\/\/dronurtopcu.com\/de\/wp-json\/wp\/v2\/users\/1"}],"replies":[{"embeddable":true,"href":"https:\/\/dronurtopcu.com\/de\/wp-json\/wp\/v2\/comments?post=7739"}],"version-history":[{"count":0,"href":"https:\/\/dronurtopcu.com\/de\/wp-json\/wp\/v2\/pages\/7739\/revisions"}],"wp:attachment":[{"href":"https:\/\/dronurtopcu.com\/de\/wp-json\/wp\/v2\/media?parent=7739"}],"curies":[{"name":"wp","href":"https:\/\/api.w.org\/{rel}","templated":true}]}}