{"id":7709,"date":"2016-06-20T07:48:11","date_gmt":"2016-06-20T04:48:11","guid":{"rendered":"https:\/\/dronurtopcu.com\/homepage\/"},"modified":"2024-10-09T15:21:25","modified_gmt":"2024-10-09T12:21:25","slug":"homepage","status":"publish","type":"page","link":"https:\/\/dronurtopcu.com\/en\/","title":{"rendered":"Homepage"},"content":{"rendered":"<p>[vc_row wrap_container=&#8221;yes&#8221; content_placement=&#8221;middle&#8221; el_class=&#8221;background-color-dark home-banner&#8221; css=&#8221;.vc_custom_1645943473360{padding-top: 41px !important;padding-bottom: 41px !important;}&#8221;][vc_column width=&#8221;2\/3&#8243; el_class=&#8221;mb-md-0 mb-4&#8243;][vc_custom_heading text=&#8221;Prof. Dr. Onur Top\u00e7u&#8221; font_container=&#8221;tag:h2|font_size:2.24em|text_align:left|color:%23ffffff&#8221; google_fonts=&#8221;font_family:Playball%3Aregular|font_style:400%20regular%3A400%3Anormal&#8221; letter_spacing=&#8221;-.5px&#8221; el_class=&#8221;alternative-font d-inline mb-0 line-height-sm&#8221;][vc_custom_heading text=&#8221;Gynecology and Obstetrics Specialist&#8221; font_container=&#8221;tag:p|font_size:1.12em|text_align:left|color:%23ffffff&#8221; use_theme_fonts=&#8221;yes&#8221; font_weight=&#8221;300&#8243; letter_spacing=&#8221;-.5px&#8221; el_class=&#8221;mb-0 mt-md-0 mt-3&#8243; css=&#8221;.vc_custom_1677340343016{margin-top: 4px !important;}&#8221;][\/vc_column][vc_column width=&#8221;1\/3&#8243; css=&#8221;.vc_custom_1645943500233{margin-top: 1px !important;}&#8221; el_class=&#8221;text-md-right&#8221;][vc_btn title=&#8221;Contact us&#8221; style=&#8221;3d&#8221; shape=&#8221;square&#8221; size=&#8221;lg&#8221; align=&#8221;center&#8221; i_icon_fontawesome=&#8221;fas fa-share&#8221; skin=&#8221;default&#8221; btn_ls=&#8221;-.5px&#8221; add_icon=&#8221;true&#8221; btn_px=&#8221;1.75em&#8221; btn_py=&#8221;1.15em&#8221; el_class=&#8221;mb-0 font-weight-semibold&#8221; link=&#8221;url:https%3A%2F%2Fdronurtopcu.com%2Fen%2Fcontact%2F|title:Contact|&#8221;][\/vc_column][\/vc_row][vc_row wrap_container=&#8221;yes&#8221; content_placement=&#8221;middle&#8221; css=&#8221;.vc_custom_1659105654897{padding-top: 41px !important;padding-bottom: 41px !important;}&#8221; conditional_render=&#8221;%5B%7B%22value_role%22%3A%22administrator%22%7D%5D&#8221;][vc_column width=&#8221;2\/3&#8243; el_class=&#8221;mb-md-0 mb-4&#8243;]<div class=\"porto-u-heading  wpb_custom_95aa9a11c17ad45cfabaf210d84ee7cc\" data-hspacer=\"no_spacer\" data-halign=\"center\" style=\"text-align:center\"><div class=\"porto-u-main-heading\"><h2  >Resume<\/h2><\/div><div class=\"porto-u-sub-heading\" style=\"\">He was born in 1980 in Hatay. He completed his primary education at D\u00f6rtyol Atat\u00fcrk Primary School. He attended middle school at \u0130skenderun \u0130stiklal Makzume Anatolian High School and high school at Adana Science High School. In 1998, he won the university exam at Hacettepe Faculty of Medicine and graduated from Hacettepe Faculty of Medicine in 2004 and received the title of Doctor of Medicine.<\/p>\n<p>In September 2004, she ranked first in Turkey in the Medical Specialty Examination and was entitled to specialize in Gynecology and Obstetrics at Ankara Dr. Zekai Tahir Burak Women&#8217;s Health Training and Research Hospital. In January 2010, she received the title of Obstetrics and Gynecology Specialist.<\/p>\n<p>After his compulsory service, he started to work as a Chief Assistant in the training staff at Ankara Dr. Zekai Tahir Burak Women&#8217;s Health Training and Research Hospital, where he specialized in 2013. <strong><br \/>\n<a href=\"https:\/\/dronurtopcu.com\/en\/about\/\">Read more<\/a><br \/>\n<a href=\"https:\/\/dronurtopcu.com\/en\/about\/\">&#8230;<\/a><br \/>\n<\/strong><\/div><\/div>[\/vc_column][vc_column width=&#8221;1\/3&#8243; css=&#8221;.vc_custom_1645943500233{margin-top: 1px !important;}&#8221; el_class=&#8221;text-md-right&#8221;][vc_single_image image=&#8221;6436&#8243; img_size=&#8221;full&#8221;][\/vc_column][\/vc_row][vc_row][vc_column][vc_custom_heading text=&#8221;Specialties&#8221; font_container=&#8221;tag:h2|text_align:center&#8221;]<div id=\"porto-portfolio-9037\" class=\"porto-portfolios porto-portfoliosbc9q wpb_content_element \">\n\t<div class=\"page-portfolios clearfix portfolios-grid porto-ajax-load load-more\" id=\"porto_portfolios_j9br\" data-post_type=\"portfolio\" data-post_layout=\"grid\" data-ajax_load_options=\"{&quot;portfolio_layout&quot;:&quot;grid&quot;,&quot;columns&quot;:&quot;4&quot;,&quot;info_view&quot;:&quot;left-info&quot;,&quot;info_view_type_style&quot;:&quot;no-style&quot;,&quot;post_in&quot;:&quot;8997,9022,6613,6523&quot;,&quot;load_more_posts&quot;:&quot;load-more-btn&quot;}\">\n\n\t\n\t\n\t\t\t<div class=\"portfolios-container portfolio-row portfolio-row-4 classic\" data-cur_page=\"1\" data-max_page=\"1\">\n\n\t\n\t\t<article class=\"portfolio portfolio-grid portfolio-col-4 post-8999 type-portfolio status-publish has-post-thumbnail hentry\">\r\n\t\t<h3 class=\"entry-title\" style=\"display: none;\">In Vitro Fertilization Treatment<\/h3><span class=\"vcard\" style=\"display: none;\"><span class=\"fn\"><a href=\"https:\/\/dronurtopcu.com\/en\/author\/admin\/\" title=\"Posts by admin\" rel=\"author\">admin<\/a><\/span><\/span><span class=\"updated\" style=\"display:none\">2024-02-04T15:30:42+03:00<\/span>\t\t<div class=\"portfolio-item default\">\r\n\t\t\t\r\n\t\t\t<a class=\"text-decoration-none portfolio-link\" href=\"https:\/\/dronurtopcu.com\/en\/uzmanliklar\/in-vitro-fertilization-treatment-2\/\">\r\n\t\t\t\t<span class=\"thumb-info thumb-info-lighten thumb-info-centered-icons\">\r\n\t\t\t\t\t<span class=\"thumb-info-wrapper\">\r\n\t\t\t\t\t\t\t\t\t\t\t\t\t\t\t<img decoding=\"async\" class=\"img-responsive\" src=\"https:\/\/dronurtopcu.com\/wp-content\/uploads\/2022\/08\/tup-bebek-tedavisi-1-367x342.jpg\" alt=\"\" width=\"367\" height=\"342\" \/>\r\n\t\t\t\t\t\t\t\t\t\r\n\t\t\t\t\t\t\r\n\t\t\t\t\t\t\r\n\t\t\t\t\t\t\t\t\t\t\t\t\t\t\t\t<span class=\"thumb-info-title\">\r\n\r\n\t\t\t\t\t\t\t\t\t\t<span class=\"thumb-info-inner\">In Vitro Fertilization Treatment<\/span>\r\n\r\n\t\t\t\t\t\t\t\t\t\t\r\n\t\t\t\t\t\t\t\t\t<\/span>\r\n\t\t\t\t\t\t\t\t\t\t\t\t\t\t\t\t\t\t\t\t\t\t\t\t\t\t\t<span class=\"thumb-info-action\">\r\n\t\t\t\t\t\t\t\t\t\t\t\t\t\t\t\t\t<span class=\"thumb-info-action-icon thumb-info-action-icon-primary\"><i class=\"fa fa-link\"><\/i><\/span>\r\n\t\t\t\t\t\t\t\t\t\t\t\t\t\t\t\t\t\t\t\t\t\t\t\t\t<span class=\"thumb-info-action-icon thumb-info-action-icon-light thumb-info-zoom\" data-src=\"[&quot;https:\\\/\\\/dronurtopcu.com\\\/wp-content\\\/uploads\\\/2022\\\/08\\\/tup-bebek-tedavisi-1.jpg&quot;]\" data-title=\"[&quot;&quot;]\"><i class=\"fas fa-search-plus\"><\/i><\/span>\r\n\t\t\t\t\t\t\t\t\t\t\t\t\t\t\t<\/span>\r\n\t\t\t\t\t\t\t\t\t\t\t\t\t\t\t\t\t<\/span>\r\n\t\t\t\t<\/span>\r\n\t\t\t<\/a>\r\n\t\t\t\t\t\t\t\t<\/div>\r\n\t<\/article>\r\n\t\t<article class=\"portfolio portfolio-grid portfolio-col-4 post-11093 type-portfolio status-publish has-post-thumbnail hentry\">\r\n\t\t<h3 class=\"entry-title\" style=\"display: none;\">Endometriosis and Chocolate Cyst<\/h3><span class=\"vcard\" style=\"display: none;\"><span class=\"fn\"><a href=\"https:\/\/dronurtopcu.com\/en\/author\/admin\/\" title=\"Posts by admin\" rel=\"author\">admin<\/a><\/span><\/span><span class=\"updated\" style=\"display:none\">2025-02-14T11:01:59+03:00<\/span>\t\t<div class=\"portfolio-item default\">\r\n\t\t\t\r\n\t\t\t<a class=\"text-decoration-none portfolio-link\" href=\"https:\/\/dronurtopcu.com\/en\/uzmanliklar\/endometriosis-and-chocolate-cyst\/\">\r\n\t\t\t\t<span class=\"thumb-info thumb-info-lighten thumb-info-centered-icons\">\r\n\t\t\t\t\t<span class=\"thumb-info-wrapper\">\r\n\t\t\t\t\t\t\t\t\t\t\t\t\t\t\t<img decoding=\"async\" class=\"img-responsive\" src=\"https:\/\/dronurtopcu.com\/wp-content\/uploads\/2023\/11\/Endometriozis-1-367x342.jpg\" alt=\"\" width=\"367\" height=\"342\" \/>\r\n\t\t\t\t\t\t\t\t\t\r\n\t\t\t\t\t\t\r\n\t\t\t\t\t\t\r\n\t\t\t\t\t\t\t\t\t\t\t\t\t\t\t\t<span class=\"thumb-info-title\">\r\n\r\n\t\t\t\t\t\t\t\t\t\t<span class=\"thumb-info-inner\">Endometriosis and Chocolate Cyst<\/span>\r\n\r\n\t\t\t\t\t\t\t\t\t\t\r\n\t\t\t\t\t\t\t\t\t<\/span>\r\n\t\t\t\t\t\t\t\t\t\t\t\t\t\t\t\t\t\t\t\t\t\t\t\t\t\t\t<span class=\"thumb-info-action\">\r\n\t\t\t\t\t\t\t\t\t\t\t\t\t\t\t\t\t<span class=\"thumb-info-action-icon thumb-info-action-icon-primary\"><i class=\"fa fa-link\"><\/i><\/span>\r\n\t\t\t\t\t\t\t\t\t\t\t\t\t\t\t\t\t\t\t\t\t\t\t\t\t<span class=\"thumb-info-action-icon thumb-info-action-icon-light thumb-info-zoom\" data-src=\"[&quot;https:\\\/\\\/dronurtopcu.com\\\/wp-content\\\/uploads\\\/2023\\\/11\\\/Endometriozis-1.jpg&quot;]\" data-title=\"[&quot;&quot;]\"><i class=\"fas fa-search-plus\"><\/i><\/span>\r\n\t\t\t\t\t\t\t\t\t\t\t\t\t\t\t<\/span>\r\n\t\t\t\t\t\t\t\t\t\t\t\t\t\t\t\t\t<\/span>\r\n\t\t\t\t<\/span>\r\n\t\t\t<\/a>\r\n\t\t\t\t\t\t\t\t<\/div>\r\n\t<\/article>\r\n\t\t<article class=\"portfolio portfolio-grid portfolio-col-4 specialties post-7832 type-portfolio status-publish has-post-thumbnail hentry portfolio_cat-specialties\">\r\n\t\t<h3 class=\"entry-title\" style=\"display: none;\">Closed (Laparoscopic) Myoma Surgery<\/h3><span class=\"vcard\" style=\"display: none;\"><span class=\"fn\"><a href=\"https:\/\/dronurtopcu.com\/en\/author\/admin\/\" title=\"Posts by admin\" rel=\"author\">admin<\/a><\/span><\/span><span class=\"updated\" style=\"display:none\">2025-02-14T16:25:23+03:00<\/span>\t\t<div class=\"portfolio-item default\">\r\n\t\t\t\r\n\t\t\t<a class=\"text-decoration-none portfolio-link\" href=\"https:\/\/dronurtopcu.com\/en\/uzmanliklar\/closed-laparoscopic-myoma-surgery\/\">\r\n\t\t\t\t<span class=\"thumb-info thumb-info-lighten thumb-info-centered-icons\">\r\n\t\t\t\t\t<span class=\"thumb-info-wrapper\">\r\n\t\t\t\t\t\t\t\t\t\t\t\t\t\t\t<img decoding=\"async\" class=\"img-responsive\" src=\"https:\/\/dronurtopcu.com\/wp-content\/uploads\/2022\/08\/histerkobi-367x342.jpg\" alt=\"\" width=\"367\" height=\"342\" \/>\r\n\t\t\t\t\t\t\t\t\t\r\n\t\t\t\t\t\t\r\n\t\t\t\t\t\t\r\n\t\t\t\t\t\t\t\t\t\t\t\t\t\t\t\t<span class=\"thumb-info-title\">\r\n\r\n\t\t\t\t\t\t\t\t\t\t<span class=\"thumb-info-inner\">Closed (Laparoscopic) Myoma Surgery<\/span>\r\n\r\n\t\t\t\t\t\t\t\t\t\t\t\t\t\t\t\t\t\t\t\t\t<span class=\"thumb-info-type\">Specialties<\/span>\r\n\t\t\t\t\t\t\t\t\t\t\r\n\t\t\t\t\t\t\t\t\t<\/span>\r\n\t\t\t\t\t\t\t\t\t\t\t\t\t\t\t\t\t\t\t\t\t\t\t\t\t\t\t<span class=\"thumb-info-action\">\r\n\t\t\t\t\t\t\t\t\t\t\t\t\t\t\t\t\t<span class=\"thumb-info-action-icon thumb-info-action-icon-primary\"><i class=\"fa fa-link\"><\/i><\/span>\r\n\t\t\t\t\t\t\t\t\t\t\t\t\t\t\t\t\t\t\t\t\t\t\t\t\t<span class=\"thumb-info-action-icon thumb-info-action-icon-light thumb-info-zoom\" data-src=\"[&quot;https:\\\/\\\/dronurtopcu.com\\\/wp-content\\\/uploads\\\/2022\\\/08\\\/histerkobi.jpg&quot;]\" data-title=\"[&quot;&quot;]\"><i class=\"fas fa-search-plus\"><\/i><\/span>\r\n\t\t\t\t\t\t\t\t\t\t\t\t\t\t\t<\/span>\r\n\t\t\t\t\t\t\t\t\t\t\t\t\t\t\t\t\t<\/span>\r\n\t\t\t\t<\/span>\r\n\t\t\t<\/a>\r\n\t\t\t\t\t\t\t\t<\/div>\r\n\t<\/article>\r\n\t\t<article class=\"portfolio portfolio-grid portfolio-col-4 specialties post-7795 type-portfolio status-publish has-post-thumbnail hentry portfolio_cat-specialties\">\r\n\t\t<h3 class=\"entry-title\" style=\"display: none;\">What is Neuropelveology (Neuropelviology)?<\/h3><span class=\"vcard\" style=\"display: none;\"><span class=\"fn\"><a href=\"https:\/\/dronurtopcu.com\/en\/author\/admin\/\" title=\"Posts by admin\" rel=\"author\">admin<\/a><\/span><\/span><span class=\"updated\" style=\"display:none\">2025-02-08T11:48:55+03:00<\/span>\t\t<div class=\"portfolio-item default\">\r\n\t\t\t\r\n\t\t\t<a class=\"text-decoration-none portfolio-link\" href=\"https:\/\/dronurtopcu.com\/en\/uzmanliklar\/what-is-neuropelveology-neuropelviology\/\">\r\n\t\t\t\t<span class=\"thumb-info thumb-info-lighten thumb-info-centered-icons\">\r\n\t\t\t\t\t<span class=\"thumb-info-wrapper\">\r\n\t\t\t\t\t\t\t\t\t\t\t\t\t\t\t<img decoding=\"async\" class=\"img-responsive\" src=\"https:\/\/dronurtopcu.com\/wp-content\/uploads\/2022\/08\/noropelveoloji-367x342.jpg\" alt=\"\" width=\"367\" height=\"342\" \/>\r\n\t\t\t\t\t\t\t\t\t\r\n\t\t\t\t\t\t\r\n\t\t\t\t\t\t\r\n\t\t\t\t\t\t\t\t\t\t\t\t\t\t\t\t<span class=\"thumb-info-title\">\r\n\r\n\t\t\t\t\t\t\t\t\t\t<span class=\"thumb-info-inner\">What is Neuropelveology (Neuropelviology)?<\/span>\r\n\r\n\t\t\t\t\t\t\t\t\t\t\t\t\t\t\t\t\t\t\t\t\t<span class=\"thumb-info-type\">Specialties<\/span>\r\n\t\t\t\t\t\t\t\t\t\t\r\n\t\t\t\t\t\t\t\t\t<\/span>\r\n\t\t\t\t\t\t\t\t\t\t\t\t\t\t\t\t\t\t\t\t\t\t\t\t\t\t\t<span class=\"thumb-info-action\">\r\n\t\t\t\t\t\t\t\t\t\t\t\t\t\t\t\t\t<span class=\"thumb-info-action-icon thumb-info-action-icon-primary\"><i class=\"fa fa-link\"><\/i><\/span>\r\n\t\t\t\t\t\t\t\t\t\t\t\t\t\t\t\t\t\t\t\t\t\t\t\t\t<span class=\"thumb-info-action-icon thumb-info-action-icon-light thumb-info-zoom\" data-src=\"[&quot;https:\\\/\\\/dronurtopcu.com\\\/wp-content\\\/uploads\\\/2022\\\/08\\\/noropelveoloji.jpg&quot;]\" data-title=\"[&quot;&quot;]\"><i class=\"fas fa-search-plus\"><\/i><\/span>\r\n\t\t\t\t\t\t\t\t\t\t\t\t\t\t\t<\/span>\r\n\t\t\t\t\t\t\t\t\t\t\t\t\t\t\t\t\t<\/span>\r\n\t\t\t\t<\/span>\r\n\t\t\t<\/a>\r\n\t\t\t\t\t\t\t\t<\/div>\r\n\t<\/article>\r\n\t\n\t\n\t\n\t\t<\/div>\n\n\t\n\t\t\t<input type=\"hidden\" class=\"shortcode-id\" value=\"bc9q\"\/>\n\t\t\t\n\t<\/div>\n\n\t\n\t\n\t<\/div>[\/vc_column][\/vc_row][vc_row wrap_container=&#8221;yes&#8221; animation_delay=&#8221;&#8221; bg_override=&#8221;full&#8221; css=&#8221;.vc_custom_1659104196837{padding-top: 70px !important;padding-bottom: 50px !important;background-color: #0275ab !important;background-position: center !important;background-repeat: no-repeat !important;background-size: cover !important;}&#8221; conditional_render=&#8221;%5B%7B%22value_role%22%3A%22administrator%22%7D%5D&#8221;][vc_column offset=&#8221;vc_col-md-offset-1 vc_col-md-10&#8243;]<div class=\"porto-carousel owl-carousel has-ccols has-ccols-spacing ccols-1 dots-light wpb_custom_324659f3639fc50e0d07e21da55ccd7b\" data-appear-animation=\"fadeInUp\" data-appear-animation-delay=\"200\" data-plugin-options=\"{&quot;stagePadding&quot;:0,&quot;margin&quot;:20,&quot;autoplay&quot;:&quot;yes&quot;,&quot;mouseDrag&quot;:true,&quot;touchDrag&quot;:true,&quot;autoplayTimeout&quot;:3000,&quot;autoplayHoverPause&quot;:false,&quot;items&quot;:1,&quot;lg&quot;:1,&quot;md&quot;:1,&quot;sm&quot;:1,&quot;xs&quot;:1,&quot;nav&quot;:false,&quot;dots&quot;:&quot;yes&quot;,&quot;animateIn&quot;:&quot;&quot;,&quot;animateOut&quot;:&quot;&quot;,&quot;loop&quot;:&quot;yes&quot;,&quot;center&quot;:false,&quot;video&quot;:false,&quot;lazyLoad&quot;:false,&quot;fullscreen&quot;:false}\"><div class=\"porto-testimonial wpb_content_element \"><div class=\"testimonial testimonial-style-2 testimonial-with-quotes\"><blockquote class=\"testimonial-carousel\" style=\"color:#ffffff\"><p>I got to know Mr. Hasan at Hasvak hospital. He is a young doctor, but he is really an idealistic, careful and knowledgeable doctor. While I could not fully express myself, he solved my problem and gave me clarity. He informed me by making the necessary analyzes and eliminated my hesitations about the use of medication. Although I was prejudiced at first, I saw the benefit of the drugs over time and my problems eased.<\/p><\/blockquote><div class=\"testimonial-author\"><p><strong style=\"color:#ffffff\">E.Z.<\/strong><span style=\"color:#ffffff\"><\/span><\/p><\/div><\/div><\/div><div class=\"porto-testimonial wpb_content_element \"><div class=\"testimonial testimonial-style-2 testimonial-with-quotes\"><blockquote class=\"testimonial-carousel\" style=\"color:#ffffff\"><p>He listens to the end. Knowledgeable, confident, especially because of my urinary incontinence problem. Most doctors suggested that they could operate but I should have surgery in a bigger hospital. But thanks to Mr. Onur&#8217;s experience, I got rid of this complaint completely. I thank him very much. especially his smiling face gives you confidence.<\/p><\/blockquote><div class=\"testimonial-author\"><p><strong style=\"color:#ffffff\">S.\u0130.<\/strong><span style=\"color:#ffffff\"><\/span><\/p><\/div><\/div><\/div><div class=\"porto-testimonial wpb_content_element \"><div class=\"testimonial testimonial-style-2 testimonial-with-quotes\"><blockquote class=\"testimonial-carousel\" style=\"color:#ffffff\"><p>Mr. Hocam, I can touch and smell my son Can thanks to your professional experience, possible risks, precautions, persuasion process and your referral to other relevant physicians in your hospital. We are very lucky to have survived the risky process under the supervision of you and other physicians. We are very happy to have met you. Thank you<\/p><\/blockquote><div class=\"testimonial-author\"><p><strong style=\"color:#ffffff\">\u00d6.K.<\/strong><span style=\"color:#ffffff\"><\/span><\/p><\/div><\/div><\/div><\/div>[\/vc_column][\/vc_row][vc_row][vc_column][vc_column_text]<\/p>\n<p style=\"text-align: center;\">\n            <div \n                class=\"elfsight-widget-instagram-feed elfsight-widget\" \n                data-elfsight-instagram-feed-options=\"%7B%22sourceType%22%3A%22personalAccount%22%2C%22apiChangesMessage%22%3Anull%2C%22source%22%3A%5B%5D%2C%22personalAccessToken%22%3A%228964ad84-768c-4c17-a260-2dad8b203e61%22%2C%22businessAccessToken%22%3A%22%22%2C%22businessAccount%22%3Anull%2C%22businessHashtag%22%3A%22%23eiffeltower%22%2C%22filterOnly%22%3A%5B%5D%2C%22filterExcept%22%3A%5B%5D%2C%22limit%22%3A0%2C%22order%22%3A%22date%22%2C%22layout%22%3A%22slider%22%2C%22postTemplate%22%3A%22classic%22%2C%22columns%22%3A3%2C%22rows%22%3A2%2C%22gutter%22%3A0%2C%22responsive%22%3A%5B%7B%22minWidth%22%3A375%2C%22columns%22%3A1%2C%22rows%22%3A1%2C%22gutter%22%3A%220%22%7D%2C%7B%22minWidth%22%3A768%2C%22columns%22%3A3%2C%22rows%22%3A2%2C%22gutter%22%3A%220%22%7D%5D%2C%22width%22%3A%22auto%22%2C%22callToActionButtons%22%3A%5B%7B%22postUrl%22%3A%22https%3A%5C%2F%5C%2Fwww.instagram.com%5C%2Fp%5C%2FBmr7eH0nyxQ%5C%2F%22%2C%22buttonLabel%22%3A%22Install%20Instagram%20Feed%20now%22%2C%22buttonLink%22%3A%22https%3A%5C%2F%5C%2Felfsight.com%5C%2Finstagram-feed-instashow%5C%2F%22%7D%2C%7B%22postUrl%22%3A%22https%3A%5C%2F%5C%2Fwww.instagram.com%5C%2Fp%5C%2FBmgZy5FnnQB%5C%2F%22%2C%22buttonLabel%22%3A%22Install%20Instagram%20Feed%20now%22%2C%22buttonLink%22%3A%22https%3A%5C%2F%5C%2Felfsight.com%5C%2Finstagram-feed-instashow%5C%2F%22%7D%2C%7B%22postUrl%22%3A%22https%3A%5C%2F%5C%2Fwww.instagram.com%5C%2Fp%5C%2FBmbbCfBndRU%5C%2F%22%2C%22buttonLabel%22%3A%22Install%20Instagram%20Feed%20now%22%2C%22buttonLink%22%3A%22https%3A%5C%2F%5C%2Felfsight.com%5C%2Finstagram-feed-instashow%5C%2F%22%7D%5D%2C%22postElements%22%3A%5B%22user%22%2C%22date%22%2C%22instagramLink%22%2C%22likesCount%22%2C%22commentsCount%22%2C%22share%22%2C%22text%22%5D%2C%22popupElements%22%3A%5B%22user%22%2C%22location%22%2C%22followButton%22%2C%22instagramLink%22%2C%22likesCount%22%2C%22share%22%2C%22text%22%2C%22comments%22%2C%22date%22%5D%2C%22imageClickAction%22%3A%22popup%22%2C%22sliderArrows%22%3Atrue%2C%22sliderDrag%22%3Atrue%2C%22sliderSpeed%22%3A0.59999999999999998%2C%22sliderAutoplay%22%3A%22%22%2C%22colorScheme%22%3A%22default%22%2C%22colorPostOverlayBg%22%3A%22rgba%280%2C%200%2C%200%2C%200.8%29%22%2C%22colorPostOverlayText%22%3A%22rgb%28255%2C%20255%2C%20255%29%22%2C%22colorPostBg%22%3A%22rgb%28255%2C%20255%2C%20255%29%22%2C%22colorPostText%22%3A%22rgb%280%2C%200%2C%200%29%22%2C%22colorPostLinks%22%3A%22rgb%280%2C%2053%2C%20107%29%22%2C%22colorSliderArrows%22%3A%22rgb%28255%2C%20255%2C%20255%29%22%2C%22colorSliderArrowsBg%22%3A%22rgba%280%2C%200%2C%200%2C%200.9%29%22%2C%22colorGridLoadMoreButton%22%3A%22rgb%2856%2C%20151%2C%20240%29%22%2C%22colorPopupOverlay%22%3A%22rgba%2843%2C%2043%2C%2043%2C%200.9%29%22%2C%22colorPopupBg%22%3A%22rgb%28255%2C%20255%2C%20255%29%22%2C%22colorPopupText%22%3A%22rgb%280%2C%200%2C%200%29%22%2C%22colorPopupLinks%22%3A%22rgb%280%2C%2053%2C%20105%29%22%2C%22colorPopupFollowButton%22%3A%22rgb%2856%2C%20151%2C%20240%29%22%2C%22colorPopupCtaButton%22%3A%22rgb%2856%2C%20151%2C%20240%29%22%2C%22widgetTitle%22%3A%22%22%2C%22lang%22%3A%22tr%22%2C%22apiUrl%22%3A%22https%3A%5C%2F%5C%2Fdronurtopcu.com%5C%2Fen%5C%2Fwp-json%5C%2Felfsight-instagram-feed%5C%2Fapi%22%2C%22apiProxyUrl%22%3A%22https%3A%5C%2F%5C%2Fdronurtopcu.com%5C%2Fen%5C%2Fwp-json%5C%2Felfsight-instagram-feed%22%2C%22widgetId%22%3A%221%22%7D\" \n                data-elfsight-instagram-feed-version=\"4.0.2\"\n                data-elfsight-widget-id=\"elfsight-instagram-feed-1\">\n            <\/div>\n<p>[\/vc_column_text][\/vc_column][\/vc_row]<\/p>\n","protected":false},"excerpt":{"rendered":"<p>[vc_row wrap_container=&#8221;yes&#8221; content_placement=&#8221;middle&#8221; el_class=&#8221;background-color-dark home-banner&#8221; css=&#8221;.vc_custom_1645943473360{padding-top: 41px !important;padding-bottom: 41px !important;}&#8221;][vc_column width=&#8221;2\/3&#8243; el_class=&#8221;mb-md-0 mb-4&#8243;][vc_custom_heading text=&#8221;Prof. Dr. Onur Top\u00e7u&#8221; font_container=&#8221;tag:h2|font_size:2.24em|text_align:left|color:%23ffffff&#8221; google_fonts=&#8221;font_family:Playball%3Aregular|font_style:400%20regular%3A400%3Anormal&#8221; letter_spacing=&#8221;-.5px&#8221; el_class=&#8221;alternative-font d-inline mb-0 line-height-sm&#8221;][vc_custom_heading text=&#8221;Gynecology and Obstetrics Specialist&#8221; font_container=&#8221;tag:p|font_size:1.12em|text_align:left|color:%23ffffff&#8221; use_theme_fonts=&#8221;yes&#8221; font_weight=&#8221;300&#8243; letter_spacing=&#8221;-.5px&#8221; el_class=&#8221;mb-0 mt-md-0 mt-3&#8243; css=&#8221;.vc_custom_1677340343016{margin-top: 4px !important;}&#8221;][\/vc_column][vc_column width=&#8221;1\/3&#8243; css=&#8221;.vc_custom_1645943500233{margin-top: 1px !important;}&#8221; el_class=&#8221;text-md-right&#8221;][vc_btn title=&#8221;Contact us&#8221; style=&#8221;3d&#8221; shape=&#8221;square&#8221; size=&#8221;lg&#8221; align=&#8221;center&#8221; i_icon_fontawesome=&#8221;fas fa-share&#8221; skin=&#8221;default&#8221; btn_ls=&#8221;-.5px&#8221; add_icon=&#8221;true&#8221; btn_px=&#8221;1.75em&#8221; [&hellip;]<\/p>\n","protected":false},"author":1,"featured_media":0,"parent":0,"menu_order":0,"comment_status":"closed","ping_status":"closed","template":"","meta":{"_acf_changed":false,"footnotes":""},"class_list":["post-7709","page","type-page","status-publish","hentry"],"acf":[],"_links":{"self":[{"href":"https:\/\/dronurtopcu.com\/en\/wp-json\/wp\/v2\/pages\/7709","targetHints":{"allow":["GET"]}}],"collection":[{"href":"https:\/\/dronurtopcu.com\/en\/wp-json\/wp\/v2\/pages"}],"about":[{"href":"https:\/\/dronurtopcu.com\/en\/wp-json\/wp\/v2\/types\/page"}],"author":[{"embeddable":true,"href":"https:\/\/dronurtopcu.com\/en\/wp-json\/wp\/v2\/users\/1"}],"replies":[{"embeddable":true,"href":"https:\/\/dronurtopcu.com\/en\/wp-json\/wp\/v2\/comments?post=7709"}],"version-history":[{"count":0,"href":"https:\/\/dronurtopcu.com\/en\/wp-json\/wp\/v2\/pages\/7709\/revisions"}],"wp:attachment":[{"href":"https:\/\/dronurtopcu.com\/en\/wp-json\/wp\/v2\/media?parent=7709"}],"curies":[{"name":"wp","href":"https:\/\/api.w.org\/{rel}","templated":true}]}}